{"id":100,"date":"2021-11-26T13:34:49","date_gmt":"2021-11-26T12:34:49","guid":{"rendered":"https:\/\/duffland.de\/wptest\/?page_id=100"},"modified":"2021-11-27T11:45:14","modified_gmt":"2021-11-27T10:45:14","slug":"impressum","status":"publish","type":"page","link":"https:\/\/duffland.de\/wptest\/impressum\/","title":{"rendered":"Impressum"},"content":{"rendered":"\n<figure class=\"wp-block-table is-style-stripes\"><table><tbody><tr><td>Die nachstehenden Informationen enthalten die gesetzlich vorgesehenen Pflichtangaben zur Anbieterkennzeichnung sowie wichtige rechtliche Hinweise zur zentralen Online-Plattform.<\/td><\/tr><tr><td>Herausgeber dieses Internet-Angebotes ist im Rechtssinne <br>Udo Albrecht<br>Kreuzstra\u00dfe 25<br>97493 Bergrheinfeld<\/td><\/tr><\/tbody><\/table><\/figure>\n\n\n\n<figure class=\"wp-block-table is-style-stripes\"><table><tbody><tr><td>St. Nr: 249\/200\/40035<\/td><td>Finanzamt Schweinfurt<\/td><\/tr><\/tbody><\/table><\/figure>\n\n\n\n<p class=\"wp-block-paragraph\">Haftungshinweis: Trotz sorgf\u00e4ltiger inhaltlicher Kontrolle, \u00fcbernehmen wir keine Haftung f\u00fcr die Inhalte externer Links. F\u00fcr den Inhalt der verlinkten Seiten sind ausschlie\u00dflich deren Betreiber verantwortlich.<\/p>\n","protected":false},"excerpt":{"rendered":"<p>Die nachstehenden Informationen enthalten die gesetzlich vorgesehenen Pflichtangaben zur Anbieterkennzeichnung sowie wichtige rechtliche Hinweise zur zentralen Online-Plattform. Herausgeber dieses Internet-Angebotes ist im Rechtssinne Udo AlbrechtKreuzstra\u00dfe 2597493 Bergrheinfeld St. Nr: 249\/200\/40035 Finanzamt Schweinfurt Haftungshinweis: Trotz sorgf\u00e4ltiger inhaltlicher Kontrolle, \u00fcbernehmen wir keine Haftung f\u00fcr die Inhalte externer Links. F\u00fcr den Inhalt der verlinkten Seiten sind ausschlie\u00dflich deren [&hellip;]<\/p>\n","protected":false},"author":2,"featured_media":0,"parent":0,"menu_order":0,"comment_status":"closed","ping_status":"closed","template":"","meta":{"_crdt_document":"","footnotes":""},"class_list":["post-100","page","type-page","status-publish","hentry"],"_links":{"self":[{"href":"https:\/\/duffland.de\/wptest\/wp-json\/wp\/v2\/pages\/100","targetHints":{"allow":["GET"]}}],"collection":[{"href":"https:\/\/duffland.de\/wptest\/wp-json\/wp\/v2\/pages"}],"about":[{"href":"https:\/\/duffland.de\/wptest\/wp-json\/wp\/v2\/types\/page"}],"author":[{"embeddable":true,"href":"https:\/\/duffland.de\/wptest\/wp-json\/wp\/v2\/users\/2"}],"replies":[{"embeddable":true,"href":"https:\/\/duffland.de\/wptest\/wp-json\/wp\/v2\/comments?post=100"}],"version-history":[{"count":2,"href":"https:\/\/duffland.de\/wptest\/wp-json\/wp\/v2\/pages\/100\/revisions"}],"predecessor-version":[{"id":161,"href":"https:\/\/duffland.de\/wptest\/wp-json\/wp\/v2\/pages\/100\/revisions\/161"}],"wp:attachment":[{"href":"https:\/\/duffland.de\/wptest\/wp-json\/wp\/v2\/media?parent=100"}],"curies":[{"name":"wp","href":"https:\/\/api.w.org\/{rel}","templated":true}]}}