{"id":102,"date":"2021-11-26T13:34:49","date_gmt":"2021-11-26T12:34:49","guid":{"rendered":"https:\/\/duffland.de\/wptest\/?page_id=102"},"modified":"2023-11-01T09:22:12","modified_gmt":"2023-11-01T08:22:12","slug":"download","status":"publish","type":"page","link":"https:\/\/duffland.de\/wptest\/download\/","title":{"rendered":"Download"},"content":{"rendered":"\t\t<div data-elementor-type=\"wp-page\" data-elementor-id=\"102\" class=\"elementor elementor-102\">\n\t\t\t\t\t\t<section class=\"elementor-section elementor-top-section elementor-element elementor-element-61cd8895 elementor-section-boxed elementor-section-height-default elementor-section-height-default\" data-id=\"61cd8895\" data-element_type=\"section\" data-e-type=\"section\">\n\t\t\t\t\t\t<div class=\"elementor-container elementor-column-gap-default\">\n\t\t\t\t\t<div class=\"elementor-column elementor-col-100 elementor-top-column elementor-element elementor-element-59851349\" data-id=\"59851349\" data-element_type=\"column\" data-e-type=\"column\">\n\t\t\t<div class=\"elementor-widget-wrap elementor-element-populated\">\n\t\t\t\t\t\t<div class=\"elementor-element elementor-element-7cdcdc7b elementor-widget elementor-widget-text-editor\" data-id=\"7cdcdc7b\" data-element_type=\"widget\" data-e-type=\"widget\" data-widget_type=\"text-editor.default\">\n\t\t\t\t<div class=\"elementor-widget-container\">\n\t\t\t\t\t\t\t\t\t<p><\/p>\n<p class=\"wp-block-paragraph\"><strong><a rel=\"noreferrer noopener\" href=\"https:\/\/kommunikationundmehr.de\/download\/praetech.pdf\" target=\"_blank\">Handout zum Seminar &#8222;Rhetorik und mehr&#8230;\/Pr\u00e4sentationstechniken&#8220;<\/a><\/strong><\/p>\n<p><\/p>\n<p><\/p>\n<p class=\"wp-block-paragraph\"><strong><a href=\"http:\/\/duffland.de\/wptest\/wp-content\/uploads\/2021\/11\/Moderationstechnik.pdf\">Handout zum Seminar &#8222;Profimoderation&#8220;<\/a><\/strong><\/p>\n<p><\/p>\n<p><\/p>\n<p class=\"wp-block-paragraph\"><strong><a href=\"http:\/\/duffland.de\/wptest\/wp-content\/uploads\/2021\/11\/mag.pdf\">Handout zum Seminar &#8222;Mitarbeitergespr\u00e4ch&#8220;<\/a><\/strong><\/p>\n<p><\/p>\n<p><\/p>\n<p class=\"wp-block-paragraph\"><strong><a href=\"http:\/\/duffland.de\/wptest\/wp-content\/uploads\/2021\/11\/Erfolgreiche_Zukunft.pdf\">&#8222;Schritt in eine erfolgreichere Zukunft&#8220;<\/a><\/strong><\/p>\n<p><\/p>\n<p><\/p>\n<p class=\"wp-block-paragraph\"><a href=\"http:\/\/duffland.de\/wptest\/wp-content\/uploads\/2021\/11\/FH-SW-Praesentation.pdf\">V<b>orlesung bei der Technischen Hochschule W\u00fcrzburg-Schweinfurt<\/b><\/a><\/p>\n<p><\/p>\t\t\t\t\t\t\t\t<\/div>\n\t\t\t\t<\/div>\n\t\t\t\t\t<\/div>\n\t\t<\/div>\n\t\t\t\t\t<\/div>\n\t\t<\/section>\n\t\t\t\t<\/div>\n\t\t","protected":false},"excerpt":{"rendered":"<p>Handout zum Seminar &#8222;Rhetorik und mehr&#8230;\/Pr\u00e4sentationstechniken&#8220; Handout zum Seminar &#8222;Profimoderation&#8220; Handout zum Seminar &#8222;Mitarbeitergespr\u00e4ch&#8220; &#8222;Schritt in eine erfolgreichere Zukunft&#8220; Vorlesung bei der Technischen Hochschule W\u00fcrzburg-Schweinfurt<\/p>\n","protected":false},"author":2,"featured_media":0,"parent":0,"menu_order":0,"comment_status":"closed","ping_status":"closed","template":"","meta":{"_crdt_document":"","footnotes":""},"class_list":["post-102","page","type-page","status-publish","hentry"],"_links":{"self":[{"href":"https:\/\/duffland.de\/wptest\/wp-json\/wp\/v2\/pages\/102","targetHints":{"allow":["GET"]}}],"collection":[{"href":"https:\/\/duffland.de\/wptest\/wp-json\/wp\/v2\/pages"}],"about":[{"href":"https:\/\/duffland.de\/wptest\/wp-json\/wp\/v2\/types\/page"}],"author":[{"embeddable":true,"href":"https:\/\/duffland.de\/wptest\/wp-json\/wp\/v2\/users\/2"}],"replies":[{"embeddable":true,"href":"https:\/\/duffland.de\/wptest\/wp-json\/wp\/v2\/comments?post=102"}],"version-history":[{"count":8,"href":"https:\/\/duffland.de\/wptest\/wp-json\/wp\/v2\/pages\/102\/revisions"}],"predecessor-version":[{"id":235,"href":"https:\/\/duffland.de\/wptest\/wp-json\/wp\/v2\/pages\/102\/revisions\/235"}],"wp:attachment":[{"href":"https:\/\/duffland.de\/wptest\/wp-json\/wp\/v2\/media?parent=102"}],"curies":[{"name":"wp","href":"https:\/\/api.w.org\/{rel}","templated":true}]}}