{"id":103,"date":"2021-11-26T13:34:49","date_gmt":"2021-11-26T12:34:49","guid":{"rendered":"https:\/\/duffland.de\/wptest\/?page_id=103"},"modified":"2022-02-07T09:24:01","modified_gmt":"2022-02-07T08:24:01","slug":"zufriedene-kunden","status":"publish","type":"page","link":"https:\/\/duffland.de\/wptest\/zufriedene-kunden\/","title":{"rendered":"Zufriedene Kunden"},"content":{"rendered":"\n<p class=\"wp-block-paragraph\"><strong>Eine kleine Auswahl zufriedener Kunden:<\/strong><\/p>\n\n\n\n<figure class=\"wp-block-table is-style-stripes\"><table><tbody><tr><td>Lernwerk Volkersberg<\/td><td class=\"has-text-align-center\" data-align=\"center\"><img decoding=\"async\" width=\"150\" height=\"112\" class=\"wp-image-196\" style=\"width: 150px;\" src=\"http:\/\/duffland.de\/wptest\/wp-content\/uploads\/2021\/11\/ref-lernwerk-Kopie.jpg\" alt=\"\"><\/td><\/tr><tr><td>Lehrauftrag bei der Hochschule f\u00fcr angewandte <br>Wissenschaften W\u00fcrzburg-Schweinfurt<\/td><td class=\"has-text-align-center\" data-align=\"center\"><img decoding=\"async\" width=\"115\" height=\"29\" class=\"wp-image-185\" style=\"width: 115px;\" src=\"http:\/\/duffland.de\/wptest\/wp-content\/uploads\/2021\/11\/ref-fhswkl-Kopie-Kopie.jpg\" alt=\"\"><\/td><\/tr><tr><td>SKZ Das Kunststoffzentrum<br>W\u00fcrzburg<\/td><td class=\"has-text-align-center\" data-align=\"center\"><img decoding=\"async\" width=\"150\" height=\"28\" class=\"wp-image-179\" style=\"width: 150px;\" src=\"http:\/\/duffland.de\/wptest\/wp-content\/uploads\/2021\/11\/logo_SKZ-Kopie-Kopie.gif\" alt=\"\"><\/td><\/tr><tr><td>Bund Naturschutz in Bayern e.V.<\/td><td class=\"has-text-align-center\" data-align=\"center\"><img loading=\"lazy\" decoding=\"async\" width=\"145\" height=\"102\" class=\"wp-image-197\" style=\"width: 145px;\" src=\"http:\/\/duffland.de\/wptest\/wp-content\/uploads\/2021\/11\/ref-logo-BN-Kopie.jpg\" alt=\"\"><\/td><\/tr><tr><td>Domschule W\u00fcrzburg<br>Netzwerk Moraltheologie<\/td><td class=\"has-text-align-center\" data-align=\"center\"><img loading=\"lazy\" decoding=\"async\" width=\"150\" height=\"109\" class=\"wp-image-174\" style=\"width: 150px;\" src=\"http:\/\/duffland.de\/wptest\/wp-content\/uploads\/2021\/11\/domschule-Kopie-Kopie.png\" alt=\"\"><\/td><\/tr><tr><td>Schulpastoral in der Di\u00f6zese W\u00fcrzburg<\/td><td class=\"has-text-align-center\" data-align=\"center\"><img loading=\"lazy\" decoding=\"async\" width=\"200\" height=\"54\" class=\"wp-image-201\" style=\"width: 200px;\" src=\"http:\/\/duffland.de\/wptest\/wp-content\/uploads\/2021\/11\/Schulpastoral_Wue.png\" alt=\"\" srcset=\"https:\/\/duffland.de\/wptest\/wp-content\/uploads\/2021\/11\/Schulpastoral_Wue.png 349w, https:\/\/duffland.de\/wptest\/wp-content\/uploads\/2021\/11\/Schulpastoral_Wue-300x81.png 300w\" sizes=\"(max-width: 200px) 100vw, 200px\" \/><\/td><\/tr><tr><td>B\u00fcrgerliche W\u00e4hlergemeinschaft Sinntal<\/td><td class=\"has-text-align-center\" data-align=\"center\"><img loading=\"lazy\" decoding=\"async\" width=\"150\" height=\"58\" class=\"wp-image-224\" style=\"width: 150px;\" src=\"http:\/\/duffland.de\/wptest\/wp-content\/uploads\/2022\/02\/Sinntal_BWG.jpg\" alt=\"\"><\/td><\/tr><tr><td>Gymnasium Miesbach<\/td><td class=\"has-text-align-center\" data-align=\"center\"><img loading=\"lazy\" decoding=\"async\" width=\"200\" height=\"36\" class=\"wp-image-187\" style=\"width: 200px;\" src=\"http:\/\/duffland.de\/wptest\/wp-content\/uploads\/2021\/11\/ref-gym_miesbach-Kopie-Kopie.jpg\" alt=\"\" srcset=\"https:\/\/duffland.de\/wptest\/wp-content\/uploads\/2021\/11\/ref-gym_miesbach-Kopie-Kopie.jpg 350w, https:\/\/duffland.de\/wptest\/wp-content\/uploads\/2021\/11\/ref-gym_miesbach-Kopie-Kopie-300x54.jpg 300w\" sizes=\"(max-width: 200px) 100vw, 200px\" \/><\/td><\/tr><tr><td>B\u00fcndnis 90 &#8211; Die Gr\u00fcnen<\/td><td class=\"has-text-align-center\" data-align=\"center\"><img loading=\"lazy\" decoding=\"async\" width=\"150\" height=\"104\" class=\"wp-image-175\" style=\"width: 150px;\" src=\"http:\/\/duffland.de\/wptest\/wp-content\/uploads\/2021\/11\/gruene-Kopie-Kopie.jpg\" alt=\"\"><\/td><\/tr><tr><td>Bio-Diagnostik AG, Iserlohn<\/td><td class=\"has-text-align-center\" data-align=\"center\"><img loading=\"lazy\" decoding=\"async\" width=\"150\" height=\"50\" class=\"wp-image-181\" style=\"width: 150px;\" src=\"http:\/\/duffland.de\/wptest\/wp-content\/uploads\/2021\/11\/ref-biodiagnostik-Kopie-Kopie.jpg\" alt=\"\"><\/td><\/tr><tr><td>Amt f\u00fcr Landwirtschaft und Forsten,<br>Neumarkt i. d. OPF.<\/td><td class=\"has-text-align-center\" data-align=\"center\"><img loading=\"lazy\" decoding=\"async\" width=\"200\" height=\"39\" class=\"wp-image-180\" style=\"width: 200px;\" src=\"http:\/\/duffland.de\/wptest\/wp-content\/uploads\/2021\/11\/ref_alf_neumarkt-Kopie-Kopie.gif\" alt=\"\"><\/td><\/tr><tr><td>Lebenshilfe f\u00fcr Behinderte e.V.<br>Schweinfurt, CAP-Markt<\/td><td class=\"has-text-align-center\" data-align=\"center\"><img loading=\"lazy\" decoding=\"async\" width=\"150\" height=\"42\" class=\"wp-image-182\" style=\"width: 150px;\" src=\"http:\/\/duffland.de\/wptest\/wp-content\/uploads\/2021\/11\/ref-cap-Kopie-Kopie.jpg\" alt=\"\"><\/td><\/tr><tr><td>Stadt Ha\u00dffurt<\/td><td class=\"has-text-align-center\" data-align=\"center\"><img loading=\"lazy\" decoding=\"async\" width=\"100\" height=\"142\" class=\"wp-image-188\" style=\"width: 100px;\" src=\"http:\/\/duffland.de\/wptest\/wp-content\/uploads\/2021\/11\/ref-hass-Kopie-Kopie.jpg\" alt=\"\"><\/td><\/tr><tr><td>Priesterseminar W\u00fcrzburg<\/td><td class=\"has-text-align-center\" data-align=\"center\"><img loading=\"lazy\" decoding=\"async\" width=\"200\" height=\"28\" class=\"wp-image-203\" style=\"width: 200px;\" src=\"http:\/\/duffland.de\/wptest\/wp-content\/uploads\/2021\/11\/ref-priesterseminar.jpg\" alt=\"\" srcset=\"https:\/\/duffland.de\/wptest\/wp-content\/uploads\/2021\/11\/ref-priesterseminar.jpg 421w, https:\/\/duffland.de\/wptest\/wp-content\/uploads\/2021\/11\/ref-priesterseminar-300x42.jpg 300w\" sizes=\"(max-width: 200px) 100vw, 200px\" \/><\/td><\/tr><tr><td>Priesterseminar Bamberg<\/td><td class=\"has-text-align-center\" data-align=\"center\"><img loading=\"lazy\" decoding=\"async\" width=\"200\" height=\"15\" class=\"wp-image-200\" style=\"width: 200px;\" src=\"http:\/\/duffland.de\/wptest\/wp-content\/uploads\/2021\/11\/ref-priesterseminar-ba.jpg\" alt=\"\" srcset=\"https:\/\/duffland.de\/wptest\/wp-content\/uploads\/2021\/11\/ref-priesterseminar-ba.jpg 500w, https:\/\/duffland.de\/wptest\/wp-content\/uploads\/2021\/11\/ref-priesterseminar-ba-300x22.jpg 300w\" sizes=\"(max-width: 200px) 100vw, 200px\" \/><\/td><\/tr><tr><td>Erwachsenenbildung und Seminarhaus &#8222;Klaus von Fl\u00fce&#8220;, <br>M\u00fcnsterschwarzach<\/td><td class=\"has-text-align-center\" data-align=\"center\"><img loading=\"lazy\" decoding=\"async\" width=\"150\" height=\"150\" class=\"wp-image-176\" style=\"width: 150px;\" src=\"http:\/\/duffland.de\/wptest\/wp-content\/uploads\/2021\/11\/LOGO-KVF-01-2_cmyk-Kopie-Kopie.jpg\" alt=\"\" srcset=\"https:\/\/duffland.de\/wptest\/wp-content\/uploads\/2021\/11\/LOGO-KVF-01-2_cmyk-Kopie-Kopie.jpg 1181w, https:\/\/duffland.de\/wptest\/wp-content\/uploads\/2021\/11\/LOGO-KVF-01-2_cmyk-Kopie-Kopie-300x300.jpg 300w, https:\/\/duffland.de\/wptest\/wp-content\/uploads\/2021\/11\/LOGO-KVF-01-2_cmyk-Kopie-Kopie-1024x1024.jpg 1024w, https:\/\/duffland.de\/wptest\/wp-content\/uploads\/2021\/11\/LOGO-KVF-01-2_cmyk-Kopie-Kopie-150x150.jpg 150w, https:\/\/duffland.de\/wptest\/wp-content\/uploads\/2021\/11\/LOGO-KVF-01-2_cmyk-Kopie-Kopie-768x769.jpg 768w\" sizes=\"(max-width: 150px) 100vw, 150px\" \/><\/td><\/tr><tr><td>Diakonischen Werkes Kitzingen e.V.<\/td><td class=\"has-text-align-center\" data-align=\"center\"><img loading=\"lazy\" decoding=\"async\" width=\"86\" height=\"110\" class=\"wp-image-184\" style=\"width: 86px;\" src=\"http:\/\/duffland.de\/wptest\/wp-content\/uploads\/2021\/11\/ref-diakonie-kt-Kopie-Kopie.jpg\" alt=\"\"><\/td><\/tr><tr><td>Kolping Bildungswerk<\/td><td class=\"has-text-align-center\" data-align=\"center\"><img loading=\"lazy\" decoding=\"async\" width=\"150\" height=\"54\" class=\"wp-image-195\" style=\"width: 150px;\" src=\"http:\/\/duffland.de\/wptest\/wp-content\/uploads\/2021\/11\/ref-kolping.jpg\" alt=\"\"><\/td><\/tr><tr><td>Meisterinnen der Hauswirtschaft,<br>W\u00fcrzburg<\/td><td class=\"has-text-align-center\" data-align=\"center\"><img loading=\"lazy\" decoding=\"async\" width=\"125\" height=\"125\" class=\"wp-image-199\" style=\"width: 125px;\" src=\"http:\/\/duffland.de\/wptest\/wp-content\/uploads\/2021\/11\/ref-Meisterinnen-Kopie.jpg\" alt=\"\"><\/td><\/tr><tr><td>Hauswirtschaftlicher Fachservice,<br>W\u00fcrzburg<\/td><td class=\"has-text-align-center\" data-align=\"center\"><img loading=\"lazy\" decoding=\"async\" width=\"130\" height=\"114\" class=\"wp-image-189\" style=\"width: 130px;\" src=\"http:\/\/duffland.de\/wptest\/wp-content\/uploads\/2021\/11\/ref-HW-Fachservice-Kopie-Kopie.jpg\" alt=\"\"><\/td><\/tr><tr><td>Finn Karelia, Mode GmbH<\/td><td class=\"has-text-align-center\" data-align=\"center\"><img loading=\"lazy\" decoding=\"async\" width=\"150\" height=\"101\" class=\"wp-image-186\" style=\"width: 150px;\" src=\"http:\/\/duffland.de\/wptest\/wp-content\/uploads\/2021\/11\/ref-finnkarelia-Kopie-Kopie.jpg\" alt=\"\"><\/td><\/tr><tr><td>CSU Ortsverband Burghaslach<\/td><td class=\"has-text-align-center\" data-align=\"center\"><img loading=\"lazy\" decoding=\"async\" width=\"150\" height=\"50\" class=\"wp-image-183\" style=\"width: 150px;\" src=\"http:\/\/duffland.de\/wptest\/wp-content\/uploads\/2021\/11\/ref-csu-Kopie-Kopie.gif\" alt=\"\"><\/td><\/tr><tr><td>Verschiedene Einrichtugen der<br>Johanniter-Unfallhilfe in Deutschland<\/td><td class=\"has-text-align-center\" data-align=\"center\"><img loading=\"lazy\" decoding=\"async\" width=\"150\" height=\"50\" class=\"wp-image-191\" style=\"width: 150px;\" src=\"http:\/\/duffland.de\/wptest\/wp-content\/uploads\/2021\/11\/ref-johanniter-Kopie-Kopie.jpg\" alt=\"\" srcset=\"https:\/\/duffland.de\/wptest\/wp-content\/uploads\/2021\/11\/ref-johanniter-Kopie-Kopie.jpg 469w, https:\/\/duffland.de\/wptest\/wp-content\/uploads\/2021\/11\/ref-johanniter-Kopie-Kopie-300x99.jpg 300w\" sizes=\"(max-width: 150px) 100vw, 150px\" \/><\/td><\/tr><tr><td>Ilmtalklinik Pfaffenhofen<\/td><td class=\"has-text-align-center\" data-align=\"center\"><img loading=\"lazy\" decoding=\"async\" width=\"150\" height=\"48\" class=\"wp-image-190\" style=\"width: 150px;\" src=\"http:\/\/duffland.de\/wptest\/wp-content\/uploads\/2021\/11\/ref-ilmtalklinik-Kopie-Kopie.jpg\" alt=\"\"><\/td><\/tr><tr><td>Martinushaus Aschaffenburg<\/td><td class=\"has-text-align-center\" data-align=\"center\"><img loading=\"lazy\" decoding=\"async\" width=\"130\" height=\"45\" class=\"wp-image-198\" style=\"width: 130px;\" src=\"http:\/\/duffland.de\/wptest\/wp-content\/uploads\/2021\/11\/ref-martinushaus-Kopie.jpg\" alt=\"\"><\/td><\/tr><tr><td>Bundesverband Niere e.V., Mainz<\/td><td class=\"has-text-align-center\" data-align=\"center\"><img loading=\"lazy\" decoding=\"async\" width=\"77\" height=\"51\" class=\"wp-image-172\" style=\"width: 77px;\" src=\"http:\/\/duffland.de\/wptest\/wp-content\/uploads\/2021\/11\/dia_dd-Kopie-Kopie.gif\" alt=\"\"><\/td><\/tr><tr><td>KKV, Bildungswerk Bayern e.V.<\/td><td class=\"has-text-align-center\" data-align=\"center\"><img loading=\"lazy\" decoding=\"async\" width=\"150\" height=\"44\" class=\"wp-image-193\" style=\"width: 150px;\" src=\"http:\/\/duffland.de\/wptest\/wp-content\/uploads\/2021\/11\/ref-KKV-Kopie-2.jpg\" alt=\"\" srcset=\"https:\/\/duffland.de\/wptest\/wp-content\/uploads\/2021\/11\/ref-KKV-Kopie-2.jpg 355w, https:\/\/duffland.de\/wptest\/wp-content\/uploads\/2021\/11\/ref-KKV-Kopie-2-300x88.jpg 300w\" sizes=\"(max-width: 150px) 100vw, 150px\" \/><\/td><\/tr><\/tbody><\/table><\/figure>\n","protected":false},"excerpt":{"rendered":"<p>Eine kleine Auswahl zufriedener Kunden: Lernwerk Volkersberg Lehrauftrag bei der Hochschule f\u00fcr angewandte Wissenschaften W\u00fcrzburg-Schweinfurt SKZ Das KunststoffzentrumW\u00fcrzburg Bund Naturschutz in Bayern e.V. Domschule W\u00fcrzburgNetzwerk Moraltheologie Schulpastoral in der Di\u00f6zese W\u00fcrzburg B\u00fcrgerliche W\u00e4hlergemeinschaft Sinntal Gymnasium Miesbach B\u00fcndnis 90 &#8211; Die Gr\u00fcnen Bio-Diagnostik AG, Iserlohn Amt f\u00fcr Landwirtschaft und Forsten,Neumarkt i. d. OPF. Lebenshilfe f\u00fcr Behinderte [&hellip;]<\/p>\n","protected":false},"author":2,"featured_media":0,"parent":0,"menu_order":0,"comment_status":"closed","ping_status":"closed","template":"","meta":{"_crdt_document":"","footnotes":""},"class_list":["post-103","page","type-page","status-publish","hentry"],"_links":{"self":[{"href":"https:\/\/duffland.de\/wptest\/wp-json\/wp\/v2\/pages\/103","targetHints":{"allow":["GET"]}}],"collection":[{"href":"https:\/\/duffland.de\/wptest\/wp-json\/wp\/v2\/pages"}],"about":[{"href":"https:\/\/duffland.de\/wptest\/wp-json\/wp\/v2\/types\/page"}],"author":[{"embeddable":true,"href":"https:\/\/duffland.de\/wptest\/wp-json\/wp\/v2\/users\/2"}],"replies":[{"embeddable":true,"href":"https:\/\/duffland.de\/wptest\/wp-json\/wp\/v2\/comments?post=103"}],"version-history":[{"count":6,"href":"https:\/\/duffland.de\/wptest\/wp-json\/wp\/v2\/pages\/103\/revisions"}],"predecessor-version":[{"id":225,"href":"https:\/\/duffland.de\/wptest\/wp-json\/wp\/v2\/pages\/103\/revisions\/225"}],"wp:attachment":[{"href":"https:\/\/duffland.de\/wptest\/wp-json\/wp\/v2\/media?parent=103"}],"curies":[{"name":"wp","href":"https:\/\/api.w.org\/{rel}","templated":true}]}}