{"id":87,"date":"2021-11-26T11:48:40","date_gmt":"2021-11-26T10:48:40","guid":{"rendered":"https:\/\/duffland.de\/wptest\/?page_id=87"},"modified":"2021-11-27T15:58:16","modified_gmt":"2021-11-27T14:58:16","slug":"home","status":"publish","type":"page","link":"https:\/\/duffland.de\/wptest\/","title":{"rendered":"Home"},"content":{"rendered":"\n<p class=\"wp-block-paragraph\">Es gilt, im Berufsleben und auch im privaten Alltag immer auf dem Laufenden zu bleiben und regelm\u00e4\u00dfig \u00fcber den Tellerrand und auch ab und zu mal in den Spiegel zu schauen.<br>Wer heute im wirtschaftlichen Wettbewerb konkurrenzf\u00e4hig bleiben will, ben\u00f6tigt mehr als betriebswirtschaftliches Geschick. Wichtiger ist es, dass das Qualit\u00e4tsziel &#8222;Kundenorientierung&#8220; von allen Mitarbeiterinnen und Mitarbeitern verinnerlicht wird. Dies gelingt nicht nur durch das Lernen von Techniken, sondern nur durch das Trainieren und durch Tipps und Tricks von erfahrenen Profis. So hat in unseren Seminaren die Videokamera einen wichtigen Platz. Mit dieser gelingt es durch den Blick in den &#8222;Spiegel&#8220; Gelerntes zielorientiert umzusetzen.<\/p>\n\n\n\n<p class=\"wp-block-paragraph\">Kontakten Sie uns, wir bereiten Ihnen gerne ein individuelles Angebot.<\/p>\n","protected":false},"excerpt":{"rendered":"<p>Es gilt, im Berufsleben und auch im privaten Alltag immer auf dem Laufenden zu bleiben und regelm\u00e4\u00dfig \u00fcber den Tellerrand und auch ab und zu mal in den Spiegel zu schauen.Wer heute im wirtschaftlichen Wettbewerb konkurrenzf\u00e4hig bleiben will, ben\u00f6tigt mehr als betriebswirtschaftliches Geschick. Wichtiger ist es, dass das Qualit\u00e4tsziel &#8222;Kundenorientierung&#8220; von allen Mitarbeiterinnen und Mitarbeitern [&hellip;]<\/p>\n","protected":false},"author":2,"featured_media":0,"parent":0,"menu_order":0,"comment_status":"closed","ping_status":"closed","template":"elementor_header_footer","meta":{"_crdt_document":"","footnotes":""},"class_list":["post-87","page","type-page","status-publish","hentry"],"_links":{"self":[{"href":"https:\/\/duffland.de\/wptest\/wp-json\/wp\/v2\/pages\/87","targetHints":{"allow":["GET"]}}],"collection":[{"href":"https:\/\/duffland.de\/wptest\/wp-json\/wp\/v2\/pages"}],"about":[{"href":"https:\/\/duffland.de\/wptest\/wp-json\/wp\/v2\/types\/page"}],"author":[{"embeddable":true,"href":"https:\/\/duffland.de\/wptest\/wp-json\/wp\/v2\/users\/2"}],"replies":[{"embeddable":true,"href":"https:\/\/duffland.de\/wptest\/wp-json\/wp\/v2\/comments?post=87"}],"version-history":[{"count":7,"href":"https:\/\/duffland.de\/wptest\/wp-json\/wp\/v2\/pages\/87\/revisions"}],"predecessor-version":[{"id":209,"href":"https:\/\/duffland.de\/wptest\/wp-json\/wp\/v2\/pages\/87\/revisions\/209"}],"wp:attachment":[{"href":"https:\/\/duffland.de\/wptest\/wp-json\/wp\/v2\/media?parent=87"}],"curies":[{"name":"wp","href":"https:\/\/api.w.org\/{rel}","templated":true}]}}