{"id":95,"date":"2021-11-26T13:34:49","date_gmt":"2021-11-26T12:34:49","guid":{"rendered":"https:\/\/duffland.de\/wptest\/?page_id=95"},"modified":"2021-11-26T14:02:57","modified_gmt":"2021-11-26T13:02:57","slug":"rhetorik","status":"publish","type":"page","link":"https:\/\/duffland.de\/wptest\/rhetorik\/","title":{"rendered":"Rhetorik"},"content":{"rendered":"\n<p class=\"wp-block-paragraph\"><strong>Kommunikationstechniken &#8211; <\/strong><strong>\u00dcberzeugende Rhetorik<\/strong><\/p>\n\n\n\n<p class=\"wp-block-paragraph\">Bei diesem Seminar steht die Theorie und Praxis der klassischen Rhetorik im Mittelpunkt.<br>Wer kennt nicht den Stress beim Vorbereiten und Durchf\u00fchren einer Rede. Es gilt, den Umgang mit dem Stress, die M\u00f6glichkeiten der K\u00f6rpersprache, eine positive Atemtechnik, alles Elemente, welche den Erfolg ausmachen, zu lernen.<br>Der Stress dient Ihnen bei Ihrem n\u00e4chsten Auftritt als notwendiges Antriebsmittel. Dies alles und weiterhin notwendige Feedbackregeln werden in Kleingruppen mittels Videokamera live trainiert. Ihrem Erfolg steht somit nichts mehr im Wege.<\/p>\n\n\n\n<p class=\"wp-block-paragraph\">Dabei kommt auch der Spa\u00df nicht zu kurz.<\/p>\n","protected":false},"excerpt":{"rendered":"<p>Kommunikationstechniken &#8211; \u00dcberzeugende Rhetorik Bei diesem Seminar steht die Theorie und Praxis der klassischen Rhetorik im Mittelpunkt.Wer kennt nicht den Stress beim Vorbereiten und Durchf\u00fchren einer Rede. Es gilt, den Umgang mit dem Stress, die M\u00f6glichkeiten der K\u00f6rpersprache, eine positive Atemtechnik, alles Elemente, welche den Erfolg ausmachen, zu lernen.Der Stress dient Ihnen bei Ihrem n\u00e4chsten [&hellip;]<\/p>\n","protected":false},"author":2,"featured_media":0,"parent":0,"menu_order":0,"comment_status":"closed","ping_status":"closed","template":"","meta":{"_crdt_document":"","footnotes":""},"class_list":["post-95","page","type-page","status-publish","hentry"],"_links":{"self":[{"href":"https:\/\/duffland.de\/wptest\/wp-json\/wp\/v2\/pages\/95","targetHints":{"allow":["GET"]}}],"collection":[{"href":"https:\/\/duffland.de\/wptest\/wp-json\/wp\/v2\/pages"}],"about":[{"href":"https:\/\/duffland.de\/wptest\/wp-json\/wp\/v2\/types\/page"}],"author":[{"embeddable":true,"href":"https:\/\/duffland.de\/wptest\/wp-json\/wp\/v2\/users\/2"}],"replies":[{"embeddable":true,"href":"https:\/\/duffland.de\/wptest\/wp-json\/wp\/v2\/comments?post=95"}],"version-history":[{"count":2,"href":"https:\/\/duffland.de\/wptest\/wp-json\/wp\/v2\/pages\/95\/revisions"}],"predecessor-version":[{"id":128,"href":"https:\/\/duffland.de\/wptest\/wp-json\/wp\/v2\/pages\/95\/revisions\/128"}],"wp:attachment":[{"href":"https:\/\/duffland.de\/wptest\/wp-json\/wp\/v2\/media?parent=95"}],"curies":[{"name":"wp","href":"https:\/\/api.w.org\/{rel}","templated":true}]}}