{"id":96,"date":"2021-11-26T13:34:49","date_gmt":"2021-11-26T12:34:49","guid":{"rendered":"https:\/\/duffland.de\/wptest\/?page_id=96"},"modified":"2021-11-27T11:19:25","modified_gmt":"2021-11-27T10:19:25","slug":"zielgerichtetes-praesentieren","status":"publish","type":"page","link":"https:\/\/duffland.de\/wptest\/zielgerichtetes-praesentieren\/","title":{"rendered":"Zielgerichtetes Pr\u00e4sentieren"},"content":{"rendered":"\n<p class=\"wp-block-paragraph\"><strong>Rede- und Pr\u00e4sentationstechnik in Theorie und Praxis<\/strong><\/p>\n\n\n\n<p class=\"wp-block-paragraph\">Sie lernen in diesem Seminar &#8222;Ihr&#8220; Pr\u00e4sentationsmedium kennen. Das k\u00f6nnen der Overheadprojektor, die Moderationswand oder das Flipchart sein. Notebook und Beamer, als moderne Elemente wirkungsvoller Pr\u00e4sentationen, kommen dabei nat\u00fcrlich auch nicht zu kurz.<\/p>\n\n\n\n<p class=\"wp-block-paragraph\">Menschen, die in ihrem Beruf oder in einem Verein vor potenziellen Kunden, Mitarbeitern oder Publikum etwas pr\u00e4sentieren m\u00fcssen, sollten sich gut darstellen k\u00f6nnen. Wir vermitteln besondere Techniken und Tipps zur Vorbereitung und Durchf\u00fchrung einer erfolgreichen Pr\u00e4sentation &#8211; von der Planung bis zum angstfreien, \u00fcberzeugenden Vortrag. Die Teilnehmer\/-innen lernen, neben den Regeln der klassischen Rhetorik, die Handhabung technischer Medien.<br>Nach der Methode &#8222;learning by doing&#8220; wird der \u00f6ffentliche Auftritt trainiert und jedem die M\u00f6glichkeit einger\u00e4umt, eigene Pr\u00e4sentationen durchzuf\u00fchren und mittels konstruktiver Kritik nachhaltig zu verbessern.<\/p>\n","protected":false},"excerpt":{"rendered":"<p>Rede- und Pr\u00e4sentationstechnik in Theorie und Praxis Sie lernen in diesem Seminar &#8222;Ihr&#8220; Pr\u00e4sentationsmedium kennen. Das k\u00f6nnen der Overheadprojektor, die Moderationswand oder das Flipchart sein. Notebook und Beamer, als moderne Elemente wirkungsvoller Pr\u00e4sentationen, kommen dabei nat\u00fcrlich auch nicht zu kurz. Menschen, die in ihrem Beruf oder in einem Verein vor potenziellen Kunden, Mitarbeitern oder Publikum [&hellip;]<\/p>\n","protected":false},"author":2,"featured_media":0,"parent":0,"menu_order":0,"comment_status":"closed","ping_status":"closed","template":"","meta":{"_crdt_document":"","footnotes":""},"class_list":["post-96","page","type-page","status-publish","hentry"],"_links":{"self":[{"href":"https:\/\/duffland.de\/wptest\/wp-json\/wp\/v2\/pages\/96","targetHints":{"allow":["GET"]}}],"collection":[{"href":"https:\/\/duffland.de\/wptest\/wp-json\/wp\/v2\/pages"}],"about":[{"href":"https:\/\/duffland.de\/wptest\/wp-json\/wp\/v2\/types\/page"}],"author":[{"embeddable":true,"href":"https:\/\/duffland.de\/wptest\/wp-json\/wp\/v2\/users\/2"}],"replies":[{"embeddable":true,"href":"https:\/\/duffland.de\/wptest\/wp-json\/wp\/v2\/comments?post=96"}],"version-history":[{"count":2,"href":"https:\/\/duffland.de\/wptest\/wp-json\/wp\/v2\/pages\/96\/revisions"}],"predecessor-version":[{"id":135,"href":"https:\/\/duffland.de\/wptest\/wp-json\/wp\/v2\/pages\/96\/revisions\/135"}],"wp:attachment":[{"href":"https:\/\/duffland.de\/wptest\/wp-json\/wp\/v2\/media?parent=96"}],"curies":[{"name":"wp","href":"https:\/\/api.w.org\/{rel}","templated":true}]}}