{"id":97,"date":"2021-11-26T13:34:49","date_gmt":"2021-11-26T12:34:49","guid":{"rendered":"https:\/\/duffland.de\/wptest\/?page_id=97"},"modified":"2021-11-27T11:16:49","modified_gmt":"2021-11-27T10:16:49","slug":"presse-u-oeffentlichkeitsarbeit","status":"publish","type":"page","link":"https:\/\/duffland.de\/wptest\/presse-u-oeffentlichkeitsarbeit\/","title":{"rendered":"Presse- und \u00d6ffentlichkeitsarbeit"},"content":{"rendered":"\n<p class=\"wp-block-paragraph\"><strong>Pressearbeit f\u00fcr Ihre Firma<\/strong><\/p>\n\n\n\n<p class=\"wp-block-paragraph\">&#8222;Tue Gutes und rede dar\u00fcber&#8220;<\/p>\n\n\n\n<p class=\"has-text-align-left wp-block-paragraph\">Wir vermitteln Ihnen Tipps und Tricks f\u00fcr die erfolgreiche Zusammenarbeit mit den verschiedenen Medien.<br>Wie formuliere ich eine Pressemitteilung?<br>Wie erstelle ich eine Pressemappe?<br>Wie verhalte ich mich bei einem Liveinterview?<br>Durch Trainieren von ausgew\u00e4hlten Techniken werden diese Fragen beantwortet und eine imagef\u00f6rdernde Pressearbeit erm\u00f6glicht.<\/p>\n\n\n\n<p class=\"wp-block-paragraph\"><strong>Wir \u00fcbernehmen Ihre Pressearbeit<\/strong><\/p>\n\n\n\n<p class=\"wp-block-paragraph\">Sie wollen Ihre neuesten Produkte und Ideen den Medien vorstellen?<br>Oder suchen Sie jemanden, der Ihre Pressearbeit vor Ort \u00fcbernimmt? Wir bereiten Ihre Pressekonferenz vor, laden die entsprechenden Medienvertreter ein, erstellen die Pressemappen und moderieren den ganzen Auftritt f\u00fcr Sie.<\/p>\n","protected":false},"excerpt":{"rendered":"<p>Pressearbeit f\u00fcr Ihre Firma &#8222;Tue Gutes und rede dar\u00fcber&#8220; Wir vermitteln Ihnen Tipps und Tricks f\u00fcr die erfolgreiche Zusammenarbeit mit den verschiedenen Medien.Wie formuliere ich eine Pressemitteilung?Wie erstelle ich eine Pressemappe?Wie verhalte ich mich bei einem Liveinterview?Durch Trainieren von ausgew\u00e4hlten Techniken werden diese Fragen beantwortet und eine imagef\u00f6rdernde Pressearbeit erm\u00f6glicht. Wir \u00fcbernehmen Ihre Pressearbeit Sie [&hellip;]<\/p>\n","protected":false},"author":2,"featured_media":0,"parent":0,"menu_order":0,"comment_status":"closed","ping_status":"closed","template":"","meta":{"_crdt_document":"","footnotes":""},"class_list":["post-97","page","type-page","status-publish","hentry"],"_links":{"self":[{"href":"https:\/\/duffland.de\/wptest\/wp-json\/wp\/v2\/pages\/97","targetHints":{"allow":["GET"]}}],"collection":[{"href":"https:\/\/duffland.de\/wptest\/wp-json\/wp\/v2\/pages"}],"about":[{"href":"https:\/\/duffland.de\/wptest\/wp-json\/wp\/v2\/types\/page"}],"author":[{"embeddable":true,"href":"https:\/\/duffland.de\/wptest\/wp-json\/wp\/v2\/users\/2"}],"replies":[{"embeddable":true,"href":"https:\/\/duffland.de\/wptest\/wp-json\/wp\/v2\/comments?post=97"}],"version-history":[{"count":3,"href":"https:\/\/duffland.de\/wptest\/wp-json\/wp\/v2\/pages\/97\/revisions"}],"predecessor-version":[{"id":149,"href":"https:\/\/duffland.de\/wptest\/wp-json\/wp\/v2\/pages\/97\/revisions\/149"}],"wp:attachment":[{"href":"https:\/\/duffland.de\/wptest\/wp-json\/wp\/v2\/media?parent=97"}],"curies":[{"name":"wp","href":"https:\/\/api.w.org\/{rel}","templated":true}]}}