{"id":98,"date":"2021-11-26T13:34:49","date_gmt":"2021-11-26T12:34:49","guid":{"rendered":"https:\/\/duffland.de\/wptest\/?page_id=98"},"modified":"2021-11-27T10:58:35","modified_gmt":"2021-11-27T09:58:35","slug":"coaching","status":"publish","type":"page","link":"https:\/\/duffland.de\/wptest\/coaching\/","title":{"rendered":"Coaching"},"content":{"rendered":"\n<p class=\"wp-block-paragraph\"><strong>Coaching in Ihrem Haus &#8211;<br>Probeeink\u00e4ufe &#8211; Probeanrufe &#8211; Testbesuche<\/strong><\/p>\n\n\n\n<p class=\"wp-block-paragraph\">M\u00f6chten Sie Ihr Praxispersonal, Ihre Verk\u00e4uferinnen und Verk\u00e4ufer in Ihrer Arztpraxis oder Ihrem Gesch\u00e4ft individuell trainiert sehen? Wir kommen ins Haus.<br>Interessiert es Sie schon lange, wie sich Ihr Personal verh\u00e4lt? Wir f\u00fchren f\u00fcr Sie &#8222;Probeeink\u00e4ufe&#8220; durch.<br>Auch hier sind Sie bei uns richtig.<\/p>\n","protected":false},"excerpt":{"rendered":"<p>Coaching in Ihrem Haus &#8211;Probeeink\u00e4ufe &#8211; Probeanrufe &#8211; Testbesuche M\u00f6chten Sie Ihr Praxispersonal, Ihre Verk\u00e4uferinnen und Verk\u00e4ufer in Ihrer Arztpraxis oder Ihrem Gesch\u00e4ft individuell trainiert sehen? Wir kommen ins Haus.Interessiert es Sie schon lange, wie sich Ihr Personal verh\u00e4lt? Wir f\u00fchren f\u00fcr Sie &#8222;Probeeink\u00e4ufe&#8220; durch.Auch hier sind Sie bei uns richtig.<\/p>\n","protected":false},"author":2,"featured_media":0,"parent":0,"menu_order":0,"comment_status":"closed","ping_status":"closed","template":"","meta":{"_crdt_document":"","footnotes":""},"class_list":["post-98","page","type-page","status-publish","hentry"],"_links":{"self":[{"href":"https:\/\/duffland.de\/wptest\/wp-json\/wp\/v2\/pages\/98","targetHints":{"allow":["GET"]}}],"collection":[{"href":"https:\/\/duffland.de\/wptest\/wp-json\/wp\/v2\/pages"}],"about":[{"href":"https:\/\/duffland.de\/wptest\/wp-json\/wp\/v2\/types\/page"}],"author":[{"embeddable":true,"href":"https:\/\/duffland.de\/wptest\/wp-json\/wp\/v2\/users\/2"}],"replies":[{"embeddable":true,"href":"https:\/\/duffland.de\/wptest\/wp-json\/wp\/v2\/comments?post=98"}],"version-history":[{"count":2,"href":"https:\/\/duffland.de\/wptest\/wp-json\/wp\/v2\/pages\/98\/revisions"}],"predecessor-version":[{"id":138,"href":"https:\/\/duffland.de\/wptest\/wp-json\/wp\/v2\/pages\/98\/revisions\/138"}],"wp:attachment":[{"href":"https:\/\/duffland.de\/wptest\/wp-json\/wp\/v2\/media?parent=98"}],"curies":[{"name":"wp","href":"https:\/\/api.w.org\/{rel}","templated":true}]}}